{"id":10482,"date":"2024-05-12T17:21:49","date_gmt":"2024-05-12T17:21:49","guid":{"rendered":"https:\/\/elefantmusicsupervision.com\/documentales\/"},"modified":"2025-02-10T12:06:12","modified_gmt":"2025-02-10T12:06:12","slug":"documentaries","status":"publish","type":"page","link":"https:\/\/elefantmusicsupervision.com\/en\/documentaries\/","title":{"rendered":"Documentaries"},"content":{"rendered":"\t\t<div data-elementor-type=\"wp-page\" data-elementor-id=\"10482\" class=\"elementor elementor-10482 elementor-2124\" data-elementor-post-type=\"page\">\n\t\t\t\t<div class=\"elementor-element elementor-element-0d216e8 e-flex e-con-boxed e-con e-parent\" data-id=\"0d216e8\" data-element_type=\"container\" data-e-type=\"container\">\n\t\t\t\t\t<div class=\"e-con-inner\">\n\t\t\t\t<div class=\"elementor-element elementor-element-34bb2bb elementor-widget elementor-widget-wwp-elementor-static-breadcrumbs\" data-id=\"34bb2bb\" data-element_type=\"widget\" data-e-type=\"widget\" data-widget_type=\"wwp-elementor-static-breadcrumbs.default\">\n\t\t\t\t<div class=\"elementor-widget-container\">\n\t\t\t\t\t<ol class=\"wwp-elementor-breadcrumbs \" id=\"breadcrumb-69fb985ea5e8d\"><li class=\"visited\"><a href=\"https:\/\/elefantmusicsupervision.com\/en\/\"><span>Home<\/span><\/a><\/li><li class=\"visited\"><a href=\"https:\/\/elefantmusicsupervision.com\/en\/proyectos\/\"><span>Projects<\/span><\/a><\/li><li class=\"current\"><span>Documentaries<\/span><\/li><\/ol><script type=\"application\/ld+json\">{\"@context\":\"https:\\\/\\\/schema.org\\\/\",\"@type\":\"BreadcrumbList\",\"itemListElement\":[[],{\"@type\":\"ListItem\",\"position\":1,\"name\":\"Projects\",\"item\":\"https:\\\/\\\/elefantmusicsupervision.com\\\/en\\\/proyectos\\\/\"},{\"@type\":\"ListItem\",\"position\":2,\"name\":\"Documentaries\",\"item\":\"https:\\\/\\\/elefantmusicsupervision.com\\\/en\\\/wp-json\\\/wp\\\/v2\\\/pages\\\/10482\\\/\"}]}<\/script>\t\t\t\t<\/div>\n\t\t\t\t<\/div>\n\t\t\t\t\t<\/div>\n\t\t\t\t<\/div>\n\t\t<div class=\"elementor-element elementor-element-8089bae e-flex e-con-boxed e-con e-parent\" data-id=\"8089bae\" data-element_type=\"container\" data-e-type=\"container\">\n\t\t\t\t\t<div class=\"e-con-inner\">\n\t\t\t\t<div class=\"elementor-element elementor-element-ee23781 elementor-align-center elementor-widget elementor-widget-button\" data-id=\"ee23781\" data-element_type=\"widget\" data-e-type=\"widget\" data-widget_type=\"button.default\">\n\t\t\t\t<div class=\"elementor-widget-container\">\n\t\t\t\t\t\t\t\t\t<div class=\"elementor-button-wrapper\">\n\t\t\t\t\t<a class=\"elementor-button elementor-button-link elementor-size-sm\" href=\"https:\/\/elefantmusicsupervision.com\/en\/anuncios\/\">\n\t\t\t\t\t\t<span class=\"elementor-button-content-wrapper\">\n\t\t\t\t\t\t\t\t\t<span class=\"elementor-button-text\">Commercials<\/span>\n\t\t\t\t\t<\/span>\n\t\t\t\t\t<\/a>\n\t\t\t\t<\/div>\n\t\t\t\t\t\t\t\t<\/div>\n\t\t\t\t<\/div>\n\t\t\t\t<div class=\"elementor-element elementor-element-9779b61 elementor-align-center elementor-widget elementor-widget-button\" data-id=\"9779b61\" data-element_type=\"widget\" data-e-type=\"widget\" data-widget_type=\"button.default\">\n\t\t\t\t<div class=\"elementor-widget-container\">\n\t\t\t\t\t\t\t\t\t<div class=\"elementor-button-wrapper\">\n\t\t\t\t\t<a class=\"elementor-button elementor-button-link elementor-size-sm\" href=\"https:\/\/elefantmusicsupervision.com\/en\/peliculas\/\">\n\t\t\t\t\t\t<span class=\"elementor-button-content-wrapper\">\n\t\t\t\t\t\t\t\t\t<span class=\"elementor-button-text\">Documentaries<\/span>\n\t\t\t\t\t<\/span>\n\t\t\t\t\t<\/a>\n\t\t\t\t<\/div>\n\t\t\t\t\t\t\t\t<\/div>\n\t\t\t\t<\/div>\n\t\t\t\t<div class=\"elementor-element elementor-element-96ffd24 elementor-align-center elementor-widget elementor-widget-button\" data-id=\"96ffd24\" data-element_type=\"widget\" data-e-type=\"widget\" data-widget_type=\"button.default\">\n\t\t\t\t<div class=\"elementor-widget-container\">\n\t\t\t\t\t\t\t\t\t<div class=\"elementor-button-wrapper\">\n\t\t\t\t\t<a class=\"elementor-button elementor-button-link elementor-size-sm\" href=\"https:\/\/elefantmusicsupervision.com\/en\/cortometrajes\/\">\n\t\t\t\t\t\t<span class=\"elementor-button-content-wrapper\">\n\t\t\t\t\t\t\t\t\t<span class=\"elementor-button-text\">Short Films<\/span>\n\t\t\t\t\t<\/span>\n\t\t\t\t\t<\/a>\n\t\t\t\t<\/div>\n\t\t\t\t\t\t\t\t<\/div>\n\t\t\t\t<\/div>\n\t\t\t\t<div class=\"elementor-element elementor-element-5fecdee elementor-align-center elementor-widget elementor-widget-button\" data-id=\"5fecdee\" data-element_type=\"widget\" data-e-type=\"widget\" data-widget_type=\"button.default\">\n\t\t\t\t<div class=\"elementor-widget-container\">\n\t\t\t\t\t\t\t\t\t<div class=\"elementor-button-wrapper\">\n\t\t\t\t\t<a class=\"elementor-button elementor-button-link elementor-size-sm\" href=\"https:\/\/elefantmusicsupervision.com\/en\/peliculas\/\">\n\t\t\t\t\t\t<span class=\"elementor-button-content-wrapper\">\n\t\t\t\t\t\t\t\t\t<span class=\"elementor-button-text\">Films<\/span>\n\t\t\t\t\t<\/span>\n\t\t\t\t\t<\/a>\n\t\t\t\t<\/div>\n\t\t\t\t\t\t\t\t<\/div>\n\t\t\t\t<\/div>\n\t\t\t\t<div class=\"elementor-element elementor-element-23673eb elementor-align-center elementor-widget elementor-widget-button\" data-id=\"23673eb\" data-element_type=\"widget\" data-e-type=\"widget\" data-widget_type=\"button.default\">\n\t\t\t\t<div class=\"elementor-widget-container\">\n\t\t\t\t\t\t\t\t\t<div class=\"elementor-button-wrapper\">\n\t\t\t\t\t<a class=\"elementor-button elementor-button-link elementor-size-sm\" href=\"https:\/\/elefantmusicsupervision.com\/en\/series-de-tv\/\">\n\t\t\t\t\t\t<span class=\"elementor-button-content-wrapper\">\n\t\t\t\t\t\t\t\t\t<span class=\"elementor-button-text\">TV Shows<\/span>\n\t\t\t\t\t<\/span>\n\t\t\t\t\t<\/a>\n\t\t\t\t<\/div>\n\t\t\t\t\t\t\t\t<\/div>\n\t\t\t\t<\/div>\n\t\t\t\t\t<\/div>\n\t\t\t\t<\/div>\n\t\t<div class=\"elementor-element elementor-element-cf2d4cd e-flex e-con-boxed e-con e-parent\" data-id=\"cf2d4cd\" data-element_type=\"container\" data-e-type=\"container\">\n\t\t\t\t\t<div class=\"e-con-inner\">\n\t\t\t\t<div class=\"elementor-element elementor-element-b730958 elementor-widget elementor-widget-portfolio_list\" data-id=\"b730958\" data-element_type=\"widget\" data-e-type=\"widget\" data-settings=\"{&quot;motion_fx_motion_fx_scrolling&quot;:&quot;yes&quot;,&quot;motion_fx_devices&quot;:[&quot;desktop&quot;,&quot;tablet&quot;,&quot;mobile&quot;]}\" data-widget_type=\"portfolio_list.default\">\n\t\t\t\t<div class=\"elementor-widget-container\">\n\t\t\t\t\t<div class='projects_holder_outer v4 portfolio_with_space portfolio_standard  qode-filter-position-top'>\n\t    \t<div class='projects_holder clearfix v4 standard portfolio_portrait_image '>\n\t\t<article class=\"mix portfolio_category_40\">\n    <div class='image_holder '>\n        \n<span class='image'><img fetchpriority=\"high\" decoding=\"async\" width=\"600\" height=\"800\" src=\"https:\/\/elefantmusicsupervision.com\/wp-content\/uploads\/2024\/03\/Que-Cono-Esta-Pasando_Poster-600x800.jpg\" class=\"attachment-portfolio-portrait size-portfolio-portrait wp-post-image\" alt=\"\" srcset=\"https:\/\/elefantmusicsupervision.com\/wp-content\/uploads\/2024\/03\/Que-Cono-Esta-Pasando_Poster-600x800.jpg 600w, https:\/\/elefantmusicsupervision.com\/wp-content\/uploads\/2024\/03\/Que-Cono-Esta-Pasando_Poster-225x300.jpg 225w, https:\/\/elefantmusicsupervision.com\/wp-content\/uploads\/2024\/03\/Que-Cono-Esta-Pasando_Poster-768x1024.jpg 768w, https:\/\/elefantmusicsupervision.com\/wp-content\/uploads\/2024\/03\/Que-Cono-Esta-Pasando_Poster-1152x1536.jpg 1152w, https:\/\/elefantmusicsupervision.com\/wp-content\/uploads\/2024\/03\/Que-Cono-Esta-Pasando_Poster-1536x2048.jpg 1536w, https:\/\/elefantmusicsupervision.com\/wp-content\/uploads\/2024\/03\/Que-Cono-Esta-Pasando_Poster-700x933.jpg 700w, https:\/\/elefantmusicsupervision.com\/wp-content\/uploads\/2024\/03\/Que-Cono-Esta-Pasando_Poster-1100x1466.jpg 1100w, https:\/\/elefantmusicsupervision.com\/wp-content\/uploads\/2024\/03\/Que-Cono-Esta-Pasando_Poster.jpg 1600w\" sizes=\"(max-width: 600px) 100vw, 600px\" \/><\/span>\n                    <a class='portfolio_link_class' href='https:\/\/elefantmusicsupervision.com\/en\/portfolio_page\/que-cono-esta-pasando\/' target='_self'><\/a>\n\t\t\n        <div class=\"portfolio_shader\"><\/div>\n\t\t<div class=\"icons_holder\">\n\t<div class=\"icons_holder_inner\">\n\t\t\t\t\t<\/div>\n<\/div>\n    <\/div>\n\n    <div class='portfolio_description  text_align_center' >\n            <h5 class=\"portfolio_title\" ><a href=\"https:\/\/elefantmusicsupervision.com\/en\/portfolio_page\/que-cono-esta-pasando\/\" target=\"_self\"> \u00bfQU\u00c9 CO#O EST\u00c1 PASANDO?<\/a><\/h5>\n<h6 class=\"portfolio_subtitle\"> <\/h6>    <\/div>\n<\/article>\n<article class=\"mix portfolio_category_40\">\n    <div class='image_holder '>\n        \n<span class='image'><img decoding=\"async\" width=\"600\" height=\"800\" src=\"https:\/\/elefantmusicsupervision.com\/wp-content\/uploads\/2024\/07\/Chueca_Poster-600x800.jpg\" class=\"attachment-portfolio-portrait size-portfolio-portrait wp-post-image\" alt=\"\" srcset=\"https:\/\/elefantmusicsupervision.com\/wp-content\/uploads\/2024\/07\/Chueca_Poster-600x800.jpg 600w, https:\/\/elefantmusicsupervision.com\/wp-content\/uploads\/2024\/07\/Chueca_Poster-225x300.jpg 225w, https:\/\/elefantmusicsupervision.com\/wp-content\/uploads\/2024\/07\/Chueca_Poster-768x1024.jpg 768w, https:\/\/elefantmusicsupervision.com\/wp-content\/uploads\/2024\/07\/Chueca_Poster-1152x1536.jpg 1152w, https:\/\/elefantmusicsupervision.com\/wp-content\/uploads\/2024\/07\/Chueca_Poster-1536x2048.jpg 1536w, https:\/\/elefantmusicsupervision.com\/wp-content\/uploads\/2024\/07\/Chueca_Poster-700x933.jpg 700w, https:\/\/elefantmusicsupervision.com\/wp-content\/uploads\/2024\/07\/Chueca_Poster-1100x1466.jpg 1100w, https:\/\/elefantmusicsupervision.com\/wp-content\/uploads\/2024\/07\/Chueca_Poster.jpg 1600w\" sizes=\"(max-width: 600px) 100vw, 600px\" \/><\/span>\n                    <a class='portfolio_link_class' href='https:\/\/elefantmusicsupervision.com\/en\/portfolio_page\/chueca-el-orgullo-de-construir-un-barrio\/' target='_self'><\/a>\n\t\t\n        <div class=\"portfolio_shader\"><\/div>\n\t\t<div class=\"icons_holder\">\n\t<div class=\"icons_holder_inner\">\n\t\t\t\t\t<\/div>\n<\/div>\n    <\/div>\n\n    <div class='portfolio_description  text_align_center' >\n            <h5 class=\"portfolio_title\" ><a href=\"https:\/\/elefantmusicsupervision.com\/en\/portfolio_page\/chueca-el-orgullo-de-construir-un-barrio\/\" target=\"_self\"> CHUECA, EL ORGULLO DE CONSTRUIR UN BARRIO<\/a><\/h5>\n<h6 class=\"portfolio_subtitle\"> <\/h6>    <\/div>\n<\/article>\n<article class=\"mix portfolio_category_40\">\n    <div class='image_holder '>\n        \n<span class='image'><img decoding=\"async\" width=\"600\" height=\"800\" src=\"https:\/\/elefantmusicsupervision.com\/wp-content\/uploads\/2024\/07\/De-Un-Tiempo-Libre-A-Esta-Parte_Poster-600x800.jpg\" class=\"attachment-portfolio-portrait size-portfolio-portrait wp-post-image\" alt=\"\" srcset=\"https:\/\/elefantmusicsupervision.com\/wp-content\/uploads\/2024\/07\/De-Un-Tiempo-Libre-A-Esta-Parte_Poster-600x800.jpg 600w, https:\/\/elefantmusicsupervision.com\/wp-content\/uploads\/2024\/07\/De-Un-Tiempo-Libre-A-Esta-Parte_Poster-225x300.jpg 225w, https:\/\/elefantmusicsupervision.com\/wp-content\/uploads\/2024\/07\/De-Un-Tiempo-Libre-A-Esta-Parte_Poster-768x1024.jpg 768w, https:\/\/elefantmusicsupervision.com\/wp-content\/uploads\/2024\/07\/De-Un-Tiempo-Libre-A-Esta-Parte_Poster-1152x1536.jpg 1152w, https:\/\/elefantmusicsupervision.com\/wp-content\/uploads\/2024\/07\/De-Un-Tiempo-Libre-A-Esta-Parte_Poster-1536x2048.jpg 1536w, https:\/\/elefantmusicsupervision.com\/wp-content\/uploads\/2024\/07\/De-Un-Tiempo-Libre-A-Esta-Parte_Poster-700x933.jpg 700w, https:\/\/elefantmusicsupervision.com\/wp-content\/uploads\/2024\/07\/De-Un-Tiempo-Libre-A-Esta-Parte_Poster-1100x1466.jpg 1100w, https:\/\/elefantmusicsupervision.com\/wp-content\/uploads\/2024\/07\/De-Un-Tiempo-Libre-A-Esta-Parte_Poster.jpg 1600w\" sizes=\"(max-width: 600px) 100vw, 600px\" \/><\/span>\n                    <a class='portfolio_link_class' href='https:\/\/elefantmusicsupervision.com\/en\/portfolio_page\/de-un-tiempo-libre-a-esta-parte\/' target='_self'><\/a>\n\t\t\n        <div class=\"portfolio_shader\"><\/div>\n\t\t<div class=\"icons_holder\">\n\t<div class=\"icons_holder_inner\">\n\t\t\t\t\t<\/div>\n<\/div>\n    <\/div>\n\n    <div class='portfolio_description  text_align_center' >\n            <h5 class=\"portfolio_title\" ><a href=\"https:\/\/elefantmusicsupervision.com\/en\/portfolio_page\/de-un-tiempo-libre-a-esta-parte\/\" target=\"_self\"> DE UN TIEMPO LIBRE A ESTA PARTE<\/a><\/h5>\n<h6 class=\"portfolio_subtitle\"> <\/h6>    <\/div>\n<\/article>\n<article class=\"mix portfolio_category_40\">\n    <div class='image_holder '>\n        \n<span class='image'><img loading=\"lazy\" decoding=\"async\" width=\"600\" height=\"800\" src=\"https:\/\/elefantmusicsupervision.com\/wp-content\/uploads\/2025\/01\/La-Revolucion-De-Las-Musas_Poster-1-600x800.jpg\" class=\"attachment-portfolio-portrait size-portfolio-portrait wp-post-image\" alt=\"\" srcset=\"https:\/\/elefantmusicsupervision.com\/wp-content\/uploads\/2025\/01\/La-Revolucion-De-Las-Musas_Poster-1-600x800.jpg 600w, https:\/\/elefantmusicsupervision.com\/wp-content\/uploads\/2025\/01\/La-Revolucion-De-Las-Musas_Poster-1-225x300.jpg 225w, https:\/\/elefantmusicsupervision.com\/wp-content\/uploads\/2025\/01\/La-Revolucion-De-Las-Musas_Poster-1-768x1024.jpg 768w, https:\/\/elefantmusicsupervision.com\/wp-content\/uploads\/2025\/01\/La-Revolucion-De-Las-Musas_Poster-1-1152x1536.jpg 1152w, https:\/\/elefantmusicsupervision.com\/wp-content\/uploads\/2025\/01\/La-Revolucion-De-Las-Musas_Poster-1-1536x2048.jpg 1536w, https:\/\/elefantmusicsupervision.com\/wp-content\/uploads\/2025\/01\/La-Revolucion-De-Las-Musas_Poster-1-700x933.jpg 700w, https:\/\/elefantmusicsupervision.com\/wp-content\/uploads\/2025\/01\/La-Revolucion-De-Las-Musas_Poster-1-1100x1466.jpg 1100w, https:\/\/elefantmusicsupervision.com\/wp-content\/uploads\/2025\/01\/La-Revolucion-De-Las-Musas_Poster-1.jpg 1600w\" sizes=\"(max-width: 600px) 100vw, 600px\" \/><\/span>\n                    <a class='portfolio_link_class' href='https:\/\/elefantmusicsupervision.com\/en\/portfolio_page\/la-revolucion-de-las-musas\/' target='_self'><\/a>\n\t\t\n        <div class=\"portfolio_shader\"><\/div>\n\t\t<div class=\"icons_holder\">\n\t<div class=\"icons_holder_inner\">\n\t\t\t\t\t<\/div>\n<\/div>\n    <\/div>\n\n    <div class='portfolio_description  text_align_center' >\n            <h5 class=\"portfolio_title\" ><a href=\"https:\/\/elefantmusicsupervision.com\/en\/portfolio_page\/la-revolucion-de-las-musas\/\" target=\"_self\"> LA REVOLUCI\u00d3N DE LAS MUSAS<\/a><\/h5>\n<h6 class=\"portfolio_subtitle\"> <\/h6>    <\/div>\n<\/article>\n<article class=\"mix portfolio_category_40\">\n    <div class='image_holder '>\n        \n<span class='image'><img loading=\"lazy\" decoding=\"async\" width=\"600\" height=\"800\" src=\"https:\/\/elefantmusicsupervision.com\/wp-content\/uploads\/2024\/03\/Selfie_Poster-600x800.jpg\" class=\"attachment-portfolio-portrait size-portfolio-portrait wp-post-image\" alt=\"\" srcset=\"https:\/\/elefantmusicsupervision.com\/wp-content\/uploads\/2024\/03\/Selfie_Poster-600x800.jpg 600w, https:\/\/elefantmusicsupervision.com\/wp-content\/uploads\/2024\/03\/Selfie_Poster-225x300.jpg 225w, https:\/\/elefantmusicsupervision.com\/wp-content\/uploads\/2024\/03\/Selfie_Poster-768x1024.jpg 768w, https:\/\/elefantmusicsupervision.com\/wp-content\/uploads\/2024\/03\/Selfie_Poster-1152x1536.jpg 1152w, https:\/\/elefantmusicsupervision.com\/wp-content\/uploads\/2024\/03\/Selfie_Poster-1536x2048.jpg 1536w, https:\/\/elefantmusicsupervision.com\/wp-content\/uploads\/2024\/03\/Selfie_Poster-700x933.jpg 700w, https:\/\/elefantmusicsupervision.com\/wp-content\/uploads\/2024\/03\/Selfie_Poster-1100x1466.jpg 1100w, https:\/\/elefantmusicsupervision.com\/wp-content\/uploads\/2024\/03\/Selfie_Poster.jpg 1600w\" sizes=\"(max-width: 600px) 100vw, 600px\" \/><\/span>\n                    <a class='portfolio_link_class' href='https:\/\/elefantmusicsupervision.com\/en\/portfolio_page\/selfie\/' target='_self'><\/a>\n\t\t\n        <div class=\"portfolio_shader\"><\/div>\n\t\t<div class=\"icons_holder\">\n\t<div class=\"icons_holder_inner\">\n\t\t\t\t\t<\/div>\n<\/div>\n    <\/div>\n\n    <div class='portfolio_description  text_align_center' >\n            <h5 class=\"portfolio_title\" ><a href=\"https:\/\/elefantmusicsupervision.com\/en\/portfolio_page\/selfie\/\" target=\"_self\"> SELFIE<\/a><\/h5>\n<h6 class=\"portfolio_subtitle\"> <\/h6>    <\/div>\n<\/article>\n<article class=\"mix portfolio_category_40\">\n    <div class='image_holder '>\n        \n<span class='image'><img loading=\"lazy\" decoding=\"async\" width=\"600\" height=\"800\" src=\"https:\/\/elefantmusicsupervision.com\/wp-content\/uploads\/2024\/04\/World-Travels_Poster-600x800.jpg\" class=\"attachment-portfolio-portrait size-portfolio-portrait wp-post-image\" alt=\"\" srcset=\"https:\/\/elefantmusicsupervision.com\/wp-content\/uploads\/2024\/04\/World-Travels_Poster-600x800.jpg 600w, https:\/\/elefantmusicsupervision.com\/wp-content\/uploads\/2024\/04\/World-Travels_Poster-225x300.jpg 225w, https:\/\/elefantmusicsupervision.com\/wp-content\/uploads\/2024\/04\/World-Travels_Poster-768x1024.jpg 768w, https:\/\/elefantmusicsupervision.com\/wp-content\/uploads\/2024\/04\/World-Travels_Poster-1152x1536.jpg 1152w, https:\/\/elefantmusicsupervision.com\/wp-content\/uploads\/2024\/04\/World-Travels_Poster-1536x2048.jpg 1536w, https:\/\/elefantmusicsupervision.com\/wp-content\/uploads\/2024\/04\/World-Travels_Poster-700x933.jpg 700w, https:\/\/elefantmusicsupervision.com\/wp-content\/uploads\/2024\/04\/World-Travels_Poster-1100x1466.jpg 1100w, https:\/\/elefantmusicsupervision.com\/wp-content\/uploads\/2024\/04\/World-Travels_Poster.jpg 1600w\" sizes=\"(max-width: 600px) 100vw, 600px\" \/><\/span>\n                    <a class='portfolio_link_class' href='https:\/\/elefantmusicsupervision.com\/en\/portfolio_page\/los-cocodrilos\/' target='_self'><\/a>\n\t\t\n        <div class=\"portfolio_shader\"><\/div>\n\t\t<div class=\"icons_holder\">\n\t<div class=\"icons_holder_inner\">\n\t\t\t\t\t<\/div>\n<\/div>\n    <\/div>\n\n    <div class='portfolio_description  text_align_center' >\n            <h5 class=\"portfolio_title\" ><a href=\"https:\/\/elefantmusicsupervision.com\/en\/portfolio_page\/los-cocodrilos\/\" target=\"_self\"> WORD TRAVELS: THE TRUTH BEHIND THE BYLINE<\/a><\/h5>\n<h6 class=\"portfolio_subtitle\"> <\/h6>    <\/div>\n<\/article>\n\t\t\t\t\t<div class='filler'><\/div>\n\t\t\t\t\t\t\t\t\t<div class='filler'><\/div>\n\t\t\t\t\t\t\t\t\t<div class='filler'><\/div>\n\t\t\t\t\t\t\t\t\t<div class='filler'><\/div>\n\t\t\t\t\t<\/div>\n\n    \n\t<\/div>\n\t\t\t\t<\/div>\n\t\t\t\t<\/div>\n\t\t\t\t\t<\/div>\n\t\t\t\t<\/div>\n\t\t\t\t<\/div>\n\t\t","protected":false},"excerpt":{"rendered":"<p>Home Projects Documentaries Commercials Documentaries Short Films Films TV Shows \u00bfQU\u00c9 CO#O EST\u00c1 PASANDO? CHUECA, EL ORGULLO DE CONSTRUIR UN BARRIO DE UN TIEMPO LIBRE A ESTA PARTE LA REVOLUCI\u00d3N DE LAS MUSAS SELFIE WORD TRAVELS: THE TRUTH BEHIND THE BYLINE<\/p>\n","protected":false},"author":1,"featured_media":0,"parent":0,"menu_order":0,"comment_status":"closed","ping_status":"closed","template":"elementor_header_footer","meta":{"om_disable_all_campaigns":false,"_monsterinsights_skip_tracking":false,"_monsterinsights_sitenote_active":false,"_monsterinsights_sitenote_note":"","_monsterinsights_sitenote_category":0,"footnotes":""},"class_list":["post-10482","page","type-page","status-publish","hentry"],"aioseo_notices":[],"_links":{"self":[{"href":"https:\/\/elefantmusicsupervision.com\/en\/wp-json\/wp\/v2\/pages\/10482","targetHints":{"allow":["GET"]}}],"collection":[{"href":"https:\/\/elefantmusicsupervision.com\/en\/wp-json\/wp\/v2\/pages"}],"about":[{"href":"https:\/\/elefantmusicsupervision.com\/en\/wp-json\/wp\/v2\/types\/page"}],"author":[{"embeddable":true,"href":"https:\/\/elefantmusicsupervision.com\/en\/wp-json\/wp\/v2\/users\/1"}],"replies":[{"embeddable":true,"href":"https:\/\/elefantmusicsupervision.com\/en\/wp-json\/wp\/v2\/comments?post=10482"}],"version-history":[{"count":25,"href":"https:\/\/elefantmusicsupervision.com\/en\/wp-json\/wp\/v2\/pages\/10482\/revisions"}],"predecessor-version":[{"id":10808,"href":"https:\/\/elefantmusicsupervision.com\/en\/wp-json\/wp\/v2\/pages\/10482\/revisions\/10808"}],"wp:attachment":[{"href":"https:\/\/elefantmusicsupervision.com\/en\/wp-json\/wp\/v2\/media?parent=10482"}],"curies":[{"name":"wp","href":"https:\/\/api.w.org\/{rel}","templated":true}]}}